{"id":5,"date":"2011-09-26T19:28:22","date_gmt":"2011-09-26T19:28:22","guid":{"rendered":"http:\/\/www.saraschober.at\/freispiel\/?page_id=5"},"modified":"2023-03-10T15:17:58","modified_gmt":"2023-03-10T15:17:58","slug":"kompanie","status":"publish","type":"page","link":"http:\/\/www.saraschober.at\/freispiel\/?page_id=5","title":{"rendered":"Kompanie"},"content":{"rendered":"\n<p>Kompanie Freispiel wurde 2011 von <strong>Kajetan Uranitsch<\/strong>, <strong>Simon Schober<\/strong> und <strong>Siruan Darbandi<\/strong> in Wien ins Leben gerufen und konnte nach dem ersten Projekt \u201eBademeister\u201c zahlreiche Ideen und St\u00fccke, mit dazugeh\u00f6rigen Gastspielen in ganz \u00d6sterreich, umsetzen.<\/p>\n\n\n\n<p>Die auf Spiel, Performance und Musik ausgelegten Projekte richten sich an ein Publikum jeden Alters, aber insbesondere auch an Kinder. Wir hoffen, dass Theater ein Ort sein kann, an dem Kritisches und Humorvolles, Abstraktes und Offensichtliches einander begegnen k\u00f6nnen, und versuchen so mit Offenheit auf kommende Generationen zu wirken.<\/p>\n","protected":false},"excerpt":{"rendered":"<p>Kompanie Freispiel wurde 2011 von Kajetan Uranitsch, Simon Schober und Siruan Darbandi in Wien ins Leben gerufen und konnte nach dem ersten Projekt \u201eBademeister\u201c zahlreiche Ideen und St\u00fccke, mit dazugeh\u00f6rigen Gastspielen in ganz \u00d6sterreich, umsetzen. Die auf Spiel, Performance und Musik ausgelegten Projekte richten sich an ein Publikum jeden Alters, aber insbesondere auch an Kinder.<a class=\"more\" href=\"http:\/\/www.saraschober.at\/freispiel\/?page_id=5\" title=\"Read More\"><span> [&hellip;] <\/span><\/a><\/p>\n","protected":false},"author":1,"featured_media":289,"parent":0,"menu_order":0,"comment_status":"closed","ping_status":"closed","template":"","meta":{"pgc_sgb_lightbox_settings":""},"_links":{"self":[{"href":"http:\/\/www.saraschober.at\/freispiel\/index.php?rest_route=\/wp\/v2\/pages\/5"}],"collection":[{"href":"http:\/\/www.saraschober.at\/freispiel\/index.php?rest_route=\/wp\/v2\/pages"}],"about":[{"href":"http:\/\/www.saraschober.at\/freispiel\/index.php?rest_route=\/wp\/v2\/types\/page"}],"author":[{"embeddable":true,"href":"http:\/\/www.saraschober.at\/freispiel\/index.php?rest_route=\/wp\/v2\/users\/1"}],"replies":[{"embeddable":true,"href":"http:\/\/www.saraschober.at\/freispiel\/index.php?rest_route=%2Fwp%2Fv2%2Fcomments&post=5"}],"version-history":[{"count":13,"href":"http:\/\/www.saraschober.at\/freispiel\/index.php?rest_route=\/wp\/v2\/pages\/5\/revisions"}],"predecessor-version":[{"id":435,"href":"http:\/\/www.saraschober.at\/freispiel\/index.php?rest_route=\/wp\/v2\/pages\/5\/revisions\/435"}],"wp:featuredmedia":[{"embeddable":true,"href":"http:\/\/www.saraschober.at\/freispiel\/index.php?rest_route=\/wp\/v2\/media\/289"}],"wp:attachment":[{"href":"http:\/\/www.saraschober.at\/freispiel\/index.php?rest_route=%2Fwp%2Fv2%2Fmedia&parent=5"}],"curies":[{"name":"wp","href":"https:\/\/api.w.org\/{rel}","templated":true}]}}